{"id":3,"date":"2025-09-12T13:07:22","date_gmt":"2025-09-12T13:07:22","guid":{"rendered":"http:\/\/memoriam.cc\/?page_id=3"},"modified":"2026-04-06T15:54:35","modified_gmt":"2026-04-06T15:54:35","slug":"privacy-policy","status":"publish","type":"page","link":"https:\/\/memoriam.cc\/es\/privacy-policy\/","title":{"rendered":"Privacy Policy &#038; Legals"},"content":{"rendered":"<div data-colibri-id=\"3-c1\" class=\"style-303 style-local-3-c1 position-relative\">\n  <!---->\n  <div data-colibri-component=\"section\" data-colibri-id=\"3-c2\" id=\"initial-content\" class=\"h-section h-section-global-spacing d-flex align-items-lg-center align-items-md-center align-items-center style-304 style-local-3-c2 position-relative\">\n    <!---->\n    <!---->\n    <div class=\"h-section-grid-container h-section-boxed-container\">\n      <!---->\n      <div data-colibri-id=\"3-c3\" class=\"h-row-container gutters-row-lg-2 gutters-row-md-2 gutters-row-0 gutters-row-v-lg-2 gutters-row-v-md-2 gutters-row-v-2 style-329 style-local-3-c3 position-relative\">\n        <!---->\n        <div class=\"h-row justify-content-lg-center justify-content-md-center justify-content-center align-items-lg-stretch align-items-md-stretch align-items-stretch gutters-col-lg-2 gutters-col-md-2 gutters-col-0 gutters-col-v-lg-2 gutters-col-v-md-2 gutters-col-v-2\">\n          <!---->\n          <div class=\"h-column h-column-container d-flex h-col-lg-auto h-col-md-auto h-col-auto style-330-outer style-local-3-c4-outer\">\n            <div data-colibri-id=\"3-c4\" class=\"d-flex h-flex-basis h-column__inner h-px-lg-2 h-px-md-2 h-px-2 v-inner-lg-2 v-inner-md-2 v-inner-2 style-330 style-local-3-c4 position-relative\">\n              <!---->\n              <!---->\n              <div class=\"w-100 h-y-container h-column__content h-column__v-align flex-basis-100 align-self-lg-start align-self-md-start align-self-start\">\n                <!---->\n                <div data-colibri-id=\"3-c5\" class=\"h-text h-text-component style-331 style-local-3-c5 position-relative h-element\">\n                  <!---->\n                  <!---->\n                  <div class=\"\">\n                    <h1><strong style=\"font-weight: 400;\">Mentions l\u00e9gales<\/strong>\n                      <br>\n                    <\/h1>\n                    <h2>1. \u00c9diteur du site<\/h2>\n                    <p>Le pr\u00e9sent site, accessible \u00e0 l\u2019adresse\n                      <a href=\"https:\/\/memoriam.cc\/es\/\" target=\"_new\" rel=\"noopener\">https:\/\/memoriam.cc<\/a>\n                    <\/p>\n                    <p><strong>Alexandre Levillain<\/strong>, entrepreneur individuel, exer\u00e7ant sous le nom commercial <strong>MEMORIAM<\/strong>.<\/p>\n                    <ul>\n                      <li><strong>Adresse<\/strong> : rue du bois Julien Courset (62240), France<\/li>\n                      <li><strong>SIRET<\/strong> : 99173963200016<\/li>\n                      <li><strong>Courriel<\/strong> : alexandre<span rel=\"noopener\">@memoriam.cc<\/span><\/li>\n                    <\/ul>\n                    <h2>2. H\u00e9bergeur du site<\/h2>\n                    <p>Le site est h\u00e9berg\u00e9 par :\n                      <br> <strong>OVH SAS<\/strong>\n                      <br> 2 rue Kellermann\n                      <br> 59100 Roubaix \u2013 France\n                      <br> T\u00e9l. : 1007 (depuis la France)\n                      <br> Site web :\n                      <a href=\"https:\/\/www.ovhcloud.com\" rel=\"noopener\" target=\"_new\" class=\"customize-unpreviewable\">https:\/\/www.ovhcloud.com<\/a>\n                    <\/p>\n                    <h2>3. Propri\u00e9t\u00e9 intellectuelle<\/h2>\n                    <p>L\u2019ensemble des \u00e9l\u00e9ments pr\u00e9sents sur le site (textes, images, graphismes, logo, structure, design, etc.) est la propri\u00e9t\u00e9 exclusive de MEMORIAM, sauf mention contraire.<\/p>\n                    <p>Toute reproduction, repr\u00e9sentation, modification, publication, transmission ou adaptation, totale ou partielle, de ces \u00e9l\u00e9ments, quel que soit le moyen ou le proc\u00e9d\u00e9 utilis\u00e9, est interdite sans l\u2019autorisation \u00e9crite pr\u00e9alable de l\u2019\u00e9diteur.<\/p>\n                    <h2>4. Responsabilit\u00e9<\/h2>\n                    <p>MEMORIAM s\u2019efforce de fournir des informations exactes et mises \u00e0 jour sur le site.\n                      <br> Cependant, l\u2019\u00e9diteur ne saurait \u00eatre tenu responsable des erreurs, omissions ou d\u2019une indisponibilit\u00e9 temporaire du service.<\/p>\n                    <p>Les liens hypertextes pr\u00e9sents sur le site peuvent conduire vers d\u2019autres sites internet. MEMORIAM d\u00e9cline toute responsabilit\u00e9 quant au contenu de ces sites tiers.<\/p>\n                    <h2>5. Donn\u00e9es personnelles (RGPD)<\/h2>\n                    <h3>Finalit\u00e9 du traitement<\/h3>\n                    <p>Les informations personnelles collect\u00e9es via le formulaire de contact (nom, adresse e-mail, message) sont destin\u00e9es exclusivement \u00e0 permettre \u00e0 MEMORIAM de r\u00e9pondre aux demandes d\u2019information et de prise de contact.<\/p>\n                    <h3>Base l\u00e9gale<\/h3>\n                    <p>Le traitement repose sur le <strong>consentement<\/strong> de la personne concern\u00e9e (article 6.1.a du RGPD).<\/p>\n                    <h3>Dur\u00e9e de conservation<\/h3>\n                    <p>Les donn\u00e9es collect\u00e9es sont conserv\u00e9es pendant une dur\u00e9e maximale de <strong>12 mois<\/strong> \u00e0 compter du dernier contact.<\/p>\n                    <h3>Destinataires<\/h3>\n                    <p>Les donn\u00e9es ne sont transmises \u00e0 <strong>aucun tiers<\/strong> et ne font l\u2019objet d\u2019aucune exploitation commerciale.<\/p>\n                    <h3>Droits des utilisateurs<\/h3>\n                    <p>Conform\u00e9ment au R\u00e8glement G\u00e9n\u00e9ral sur la Protection des Donn\u00e9es (RGPD) et \u00e0 la loi \u00ab Informatique et Libert\u00e9s \u00bb, vous disposez des droits suivants :<\/p>\n                    <ul>\n                      <li>Droit d\u2019acc\u00e8s, de rectification et de suppression de vos donn\u00e9es ;<\/li>\n                      <li>Droit \u00e0 la limitation et \u00e0 l\u2019opposition du traitement ;<\/li>\n                      <li>Droit \u00e0 la portabilit\u00e9 de vos donn\u00e9es.<\/li>\n                    <\/ul>\n                    <p>Pour exercer ces droits, vous pouvez adresser votre demande \u00e0 :\n                      <br>\n                    <\/p>\n                    <p><strong rel=\"noopener\">alexandre@memoriam.cc<\/strong><\/p>\n                    <h2>6. Cookies<\/h2>\n                    <p>Le site <em>memoriam.cc<\/em> utilise des cookies \u00e0 des fins de mesure d\u2019audience (via Google Site Kit \/ Analytics) et d\u2019am\u00e9lioration de l\u2019exp\u00e9rience utilisateur.\n                      <br> Lors de votre premi\u00e8re visite, un bandeau vous permet d\u2019accepter ou de refuser les cookies non essentiels.<\/p>\n                    <p>Vous pouvez \u00e0 tout moment modifier vos pr\u00e9f\u00e9rences via le lien \u00ab Gestion des cookies \u00bb pr\u00e9sent en bas de page.<\/p>\n                    <h2>7. Cr\u00e9dits<\/h2>\n                    <ul>\n                      <li><strong>Conception &amp; r\u00e9daction<\/strong> : MEMORIAM<\/li>\n                      <li><strong>D\u00e9veloppement web<\/strong> : Alexandre Levillain<\/li>\n                      <li><strong>Photographies<\/strong> : iStock<\/li>\n                    <\/ul>\n                    <p>\n                      <br>\n                    <\/p>\n                    <p>\n                      <br>\n                    <\/p>\n                    <h1><strong style=\"font-weight: 400;\">Politique de confidentialit\u00e9<\/strong><\/h1>\n                    <h3>Collecte des donn\u00e9es<\/h3>\n                    <p>Nous collectons uniquement les informations que vous choisissez de nous transmettre via le formulaire de contact : nom, e-mail, et message.\n                      <br> Aucune autre donn\u00e9e personnelle n\u2019est collect\u00e9e \u00e0 votre insu.<\/p>\n                    <h3>Utilisation des donn\u00e9es<\/h3>\n                    <p>Ces donn\u00e9es servent uniquement \u00e0 vous recontacter et \u00e0 r\u00e9pondre \u00e0 votre demande.\n                      <br> Aucune donn\u00e9e n\u2019est transmise, vendue ou partag\u00e9e \u00e0 des tiers.<\/p>\n                    <h3>Dur\u00e9e de conservation<\/h3>\n                    <p>Les messages re\u00e7us sont conserv\u00e9s pendant un an, puis supprim\u00e9s.<\/p>\n                    <h3>S\u00e9curit\u00e9<\/h3>\n                    <p>Vos donn\u00e9es sont h\u00e9berg\u00e9es sur les serveurs s\u00e9curis\u00e9s d\u2019OVH, situ\u00e9s en France, et ne quittent pas le territoire europ\u00e9en.<\/p>\n                    <h3>Vos droits<\/h3>\n                    <p>Vous pouvez \u00e0 tout moment demander la consultation, la rectification ou la suppression de vos donn\u00e9es \u00e0 l\u2019adresse suivante :\n                      <br>\n                    <\/p>\n                    <p>&nbsp;alexandre<span rel=\"noopener\">@memoriam.cc<\/span><\/p>\n                    <p>\n                      <br>\n                    <\/p>\n                    <p>\n                      <br>\n                    <\/p>\n                  <\/div>\n                <\/div>\n              <\/div>\n            <\/div>\n          <\/div>\n        <\/div>\n      <\/div>\n    <\/div>\n  <\/div>\n<\/div>","protected":false},"excerpt":{"rendered":"<p>Mentions l\u00e9gales 1. \u00c9diteur du site Le pr\u00e9sent site, accessible \u00e0 l\u2019adresse https:\/\/memoriam.cc [&hellip;]<\/p>\n","protected":false},"author":1,"featured_media":0,"parent":0,"menu_order":0,"comment_status":"closed","ping_status":"closed","template":"page-templates\/full-width-page.php","meta":{"footnotes":""},"class_list":["post-3","page","type-page","status-publish","hentry"],"yoast_head":"<!-- This site is optimized with the Yoast SEO plugin v27.4 - https:\/\/yoast.com\/product\/yoast-seo-wordpress\/ -->\n<title>Privacy Policy &amp; Legals - MEMORIAM<\/title>\n<meta name=\"robots\" content=\"index, follow, max-snippet:-1, max-image-preview:large, max-video-preview:-1\" \/>\n<link rel=\"canonical\" href=\"https:\/\/memoriam.cc\/es\/privacy-policy\/\" \/>\n<meta property=\"og:locale\" content=\"es_ES\" \/>\n<meta property=\"og:type\" content=\"article\" \/>\n<meta property=\"og:title\" content=\"Privacy Policy &amp; Legals - MEMORIAM\" \/>\n<meta property=\"og:description\" content=\"Mentions l\u00e9gales 1. \u00c9diteur du site Le pr\u00e9sent site, accessible \u00e0 l\u2019adresse https:\/\/memoriam.cc [&hellip;]\" \/>\n<meta property=\"og:url\" content=\"https:\/\/memoriam.cc\/es\/privacy-policy\/\" \/>\n<meta property=\"og:site_name\" content=\"MEMORIAM\" \/>\n<meta property=\"article:publisher\" content=\"https:\/\/www.facebook.com\/profile.php?id=61575372073306\" \/>\n<meta property=\"article:modified_time\" content=\"2026-04-06T15:54:35+00:00\" \/>\n<meta name=\"twitter:card\" content=\"summary_large_image\" \/>\n<meta name=\"twitter:label1\" content=\"Tiempo de lectura\" \/>\n\t<meta name=\"twitter:data1\" content=\"3 minutos\" \/>\n<script type=\"application\/ld+json\" class=\"yoast-schema-graph\">{\"@context\":\"https:\\\/\\\/schema.org\",\"@graph\":[{\"@type\":\"WebPage\",\"@id\":\"https:\\\/\\\/memoriam.cc\\\/privacy-policy\\\/\",\"url\":\"https:\\\/\\\/memoriam.cc\\\/privacy-policy\\\/\",\"name\":\"Privacy Policy & Legals - MEMORIAM\",\"isPartOf\":{\"@id\":\"https:\\\/\\\/memoriam.cc\\\/#website\"},\"datePublished\":\"2025-09-12T13:07:22+00:00\",\"dateModified\":\"2026-04-06T15:54:35+00:00\",\"breadcrumb\":{\"@id\":\"https:\\\/\\\/memoriam.cc\\\/privacy-policy\\\/#breadcrumb\"},\"inLanguage\":\"es\",\"potentialAction\":[{\"@type\":\"ReadAction\",\"target\":[\"https:\\\/\\\/memoriam.cc\\\/privacy-policy\\\/\"]}]},{\"@type\":\"BreadcrumbList\",\"@id\":\"https:\\\/\\\/memoriam.cc\\\/privacy-policy\\\/#breadcrumb\",\"itemListElement\":[{\"@type\":\"ListItem\",\"position\":1,\"name\":\"Home\",\"item\":\"https:\\\/\\\/memoriam.cc\\\/\"},{\"@type\":\"ListItem\",\"position\":2,\"name\":\"Privacy Policy &#038; Legals\"}]},{\"@type\":\"WebSite\",\"@id\":\"https:\\\/\\\/memoriam.cc\\\/#website\",\"url\":\"https:\\\/\\\/memoriam.cc\\\/\",\"name\":\"MEMORIAM\",\"description\":\"\",\"publisher\":{\"@id\":\"https:\\\/\\\/memoriam.cc\\\/#organization\"},\"potentialAction\":[{\"@type\":\"SearchAction\",\"target\":{\"@type\":\"EntryPoint\",\"urlTemplate\":\"https:\\\/\\\/memoriam.cc\\\/?s={search_term_string}\"},\"query-input\":{\"@type\":\"PropertyValueSpecification\",\"valueRequired\":true,\"valueName\":\"search_term_string\"}}],\"inLanguage\":\"es\"},{\"@type\":\"Organization\",\"@id\":\"https:\\\/\\\/memoriam.cc\\\/#organization\",\"name\":\"MEMORIAM\",\"url\":\"https:\\\/\\\/memoriam.cc\\\/\",\"logo\":{\"@type\":\"ImageObject\",\"inLanguage\":\"es\",\"@id\":\"https:\\\/\\\/memoriam.cc\\\/#\\\/schema\\\/logo\\\/image\\\/\",\"url\":\"https:\\\/\\\/memoriam.cc\\\/wp-content\\\/uploads\\\/2025\\\/10\\\/cropped-Logo-test1-1-1.png\",\"contentUrl\":\"https:\\\/\\\/memoriam.cc\\\/wp-content\\\/uploads\\\/2025\\\/10\\\/cropped-Logo-test1-1-1.png\",\"width\":638,\"height\":712,\"caption\":\"MEMORIAM\"},\"image\":{\"@id\":\"https:\\\/\\\/memoriam.cc\\\/#\\\/schema\\\/logo\\\/image\\\/\"},\"sameAs\":[\"https:\\\/\\\/www.facebook.com\\\/profile.php?id=61575372073306\",\"https:\\\/\\\/www.linkedin.com\\\/company\\\/109566921\\\/\"]}]}<\/script>\n<!-- \/ Yoast SEO plugin. -->","yoast_head_json":{"title":"Privacy Policy & Legals - MEMORIAM","robots":{"index":"index","follow":"follow","max-snippet":"max-snippet:-1","max-image-preview":"max-image-preview:large","max-video-preview":"max-video-preview:-1"},"canonical":"https:\/\/memoriam.cc\/es\/privacy-policy\/","og_locale":"es_ES","og_type":"article","og_title":"Privacy Policy & Legals - MEMORIAM","og_description":"Mentions l\u00e9gales 1. \u00c9diteur du site Le pr\u00e9sent site, accessible \u00e0 l\u2019adresse https:\/\/memoriam.cc [&hellip;]","og_url":"https:\/\/memoriam.cc\/es\/privacy-policy\/","og_site_name":"MEMORIAM","article_publisher":"https:\/\/www.facebook.com\/profile.php?id=61575372073306","article_modified_time":"2026-04-06T15:54:35+00:00","twitter_card":"summary_large_image","twitter_misc":{"Tiempo de lectura":"3 minutos"},"schema":{"@context":"https:\/\/schema.org","@graph":[{"@type":"WebPage","@id":"https:\/\/memoriam.cc\/privacy-policy\/","url":"https:\/\/memoriam.cc\/privacy-policy\/","name":"Privacy Policy & Legals - MEMORIAM","isPartOf":{"@id":"https:\/\/memoriam.cc\/#website"},"datePublished":"2025-09-12T13:07:22+00:00","dateModified":"2026-04-06T15:54:35+00:00","breadcrumb":{"@id":"https:\/\/memoriam.cc\/privacy-policy\/#breadcrumb"},"inLanguage":"es","potentialAction":[{"@type":"ReadAction","target":["https:\/\/memoriam.cc\/privacy-policy\/"]}]},{"@type":"BreadcrumbList","@id":"https:\/\/memoriam.cc\/privacy-policy\/#breadcrumb","itemListElement":[{"@type":"ListItem","position":1,"name":"Home","item":"https:\/\/memoriam.cc\/"},{"@type":"ListItem","position":2,"name":"Privacy Policy &#038; Legals"}]},{"@type":"WebSite","@id":"https:\/\/memoriam.cc\/#website","url":"https:\/\/memoriam.cc\/","name":"MEMORIAM","description":"","publisher":{"@id":"https:\/\/memoriam.cc\/#organization"},"potentialAction":[{"@type":"SearchAction","target":{"@type":"EntryPoint","urlTemplate":"https:\/\/memoriam.cc\/?s={search_term_string}"},"query-input":{"@type":"PropertyValueSpecification","valueRequired":true,"valueName":"search_term_string"}}],"inLanguage":"es"},{"@type":"Organization","@id":"https:\/\/memoriam.cc\/#organization","name":"MEMORIAM","url":"https:\/\/memoriam.cc\/","logo":{"@type":"ImageObject","inLanguage":"es","@id":"https:\/\/memoriam.cc\/#\/schema\/logo\/image\/","url":"https:\/\/memoriam.cc\/wp-content\/uploads\/2025\/10\/cropped-Logo-test1-1-1.png","contentUrl":"https:\/\/memoriam.cc\/wp-content\/uploads\/2025\/10\/cropped-Logo-test1-1-1.png","width":638,"height":712,"caption":"MEMORIAM"},"image":{"@id":"https:\/\/memoriam.cc\/#\/schema\/logo\/image\/"},"sameAs":["https:\/\/www.facebook.com\/profile.php?id=61575372073306","https:\/\/www.linkedin.com\/company\/109566921\/"]}]}},"_links":{"self":[{"href":"https:\/\/memoriam.cc\/es\/wp-json\/wp\/v2\/pages\/3","targetHints":{"allow":["GET"]}}],"collection":[{"href":"https:\/\/memoriam.cc\/es\/wp-json\/wp\/v2\/pages"}],"about":[{"href":"https:\/\/memoriam.cc\/es\/wp-json\/wp\/v2\/types\/page"}],"author":[{"embeddable":true,"href":"https:\/\/memoriam.cc\/es\/wp-json\/wp\/v2\/users\/1"}],"replies":[{"embeddable":true,"href":"https:\/\/memoriam.cc\/es\/wp-json\/wp\/v2\/comments?post=3"}],"version-history":[{"count":13,"href":"https:\/\/memoriam.cc\/es\/wp-json\/wp\/v2\/pages\/3\/revisions"}],"predecessor-version":[{"id":1886,"href":"https:\/\/memoriam.cc\/es\/wp-json\/wp\/v2\/pages\/3\/revisions\/1886"}],"wp:attachment":[{"href":"https:\/\/memoriam.cc\/es\/wp-json\/wp\/v2\/media?parent=3"}],"curies":[{"name":"wp","href":"https:\/\/api.w.org\/{rel}","templated":true}]}}